{"id":3,"date":"2021-06-28T13:18:13","date_gmt":"2021-06-28T11:18:13","guid":{"rendered":"https:\/\/domainesbgwine.com\/?page_id=3"},"modified":"2021-12-13T18:13:43","modified_gmt":"2021-12-13T17:13:43","slug":"politique-confidentialite","status":"publish","type":"page","link":"https:\/\/domainesboticagaly.com\/en\/politique-confidentialite\/","title":{"rendered":"Privacy Policy"},"content":{"rendered":"<div data-elementor-type=\"wp-page\" data-elementor-id=\"3\" class=\"elementor elementor-3\">\n\t\t\t\t\t\t<section class=\"elementor-section elementor-top-section elementor-element elementor-element-2338f5a elementor-section-boxed elementor-section-height-default elementor-section-height-default\" data-id=\"2338f5a\" data-element_type=\"section\">\n\t\t\t\t\t\t<div class=\"elementor-container elementor-column-gap-default\">\n\t\t\t\t\t<div class=\"elementor-column elementor-col-100 elementor-top-column elementor-element elementor-element-136f871\" data-id=\"136f871\" data-element_type=\"column\">\n\t\t\t<div class=\"elementor-widget-wrap elementor-element-populated\">\n\t\t\t\t\t\t<div class=\"elementor-element elementor-element-755b4fc elementor-widget elementor-widget-heading\" data-id=\"755b4fc\" data-element_type=\"widget\" data-widget_type=\"heading.default\">\n\t\t\t\t<div class=\"elementor-widget-container\">\n\t\t\t<h2 class=\"elementor-heading-title elementor-size-default\">Privacy Policy<\/h2>\t\t<\/div>\n\t\t\t\t<\/div>\n\t\t\t\t<div class=\"elementor-element elementor-element-874bd16 elementor-widget elementor-widget-spacer\" data-id=\"874bd16\" data-element_type=\"widget\" data-widget_type=\"spacer.default\">\n\t\t\t\t<div class=\"elementor-widget-container\">\n\t\t\t\t\t<div class=\"elementor-spacer\">\n\t\t\t<div class=\"elementor-spacer-inner\"><\/div>\n\t\t<\/div>\n\t\t\t\t<\/div>\n\t\t\t\t<\/div>\n\t\t\t\t<div class=\"elementor-element elementor-element-0532aed elementor-widget elementor-widget-text-editor\" data-id=\"0532aed\" data-element_type=\"widget\" data-widget_type=\"text-editor.default\">\n\t\t\t\t<div class=\"elementor-widget-container\">\n\t\t\t\t\t\t\t<p>The information collected on this form is recorded in a computerised file by L\u00e9a RIBES,\u00a0<span id=\"eeb-389509-916430\">contact@learibes.fr<\/span>, <span id=\"eeb-966713-593433\"><\/span><script type=\"text\/javascript\">(function(){var ml=\"6357024\",mi=\"4030261151\",o=\"\";for(var j=0,l=mi.length;j<l;j++){o+=ml.charAt(mi.charCodeAt(j)-48);}document.getElementById(\"eeb-966713-593433\").innerHTML = decodeURIComponent(o);}());<\/script><noscript>*protected email*<\/noscript><span id=\"eeb-831798-624290\"><\/span>\u00a0to manage the customer relationship. The legal basis of processing is to respond to legitimate concerns.<\/p><p>The data collected will be communicated only to the following recipients: <span id=\"eeb-89624-381451\"><\/span><script type=\"text\/javascript\">(function(){var ml=\"aCD7po4wtmsbn2d%iE.-5930ceg\",mi=\"H5<80H8?F1:40<?=G@>?F2?==II;CEED63FC63=FDD?==?FA?6G>590@<I:;J7@<IBH59\",o=\"\";for(var j=0,l=mi.length;j<l;j++){o+=ml.charAt(mi.charCodeAt(j)-48);}document.getElementById(\"eeb-89624-381451\").innerHTML = decodeURIComponent(o);}());<\/script><noscript>*protected email*<\/noscript><\/span>,\u00a0<span id=\"eeb-675110-871668\">contact@learibes.fr<\/span>.<\/p><p>The data are kept for 3 years.<\/p><p>You may access your personal data, rectify it, request its deletion or exercise your right to limit the processing of your data. You may withdraw your consent to the processing of your data at any time. You may also object to the processing of your data. You can also exercise your right to data portability.<\/p><p>Visit cnil.fr for more information on your rights.<\/p><p>To exercise these rights or for any question about the processing of your data in this device, you can contact\u00a0<span id=\"eeb-305026-86602\">contact@learibes.fr<\/span>\u00a0, 9B rue Moliere, 11170 PEZENS, <span id=\"eeb-545617-772274\"><\/span><script type=\"text\/javascript\">(function(){var ml=\"dnD09F-4b7i23s6%ea5pEC\",mi=\"?<E=CA1?;3:0?<2?;;@@86979B4367B3>9>?;;?<D?<E?;5=CA1?<D3><<;B97<;\",o=\"\";for(var j=0,l=mi.length;j<l;j++){o+=ml.charAt(mi.charCodeAt(j)-48);}document.getElementById(\"eeb-545617-772274\").innerHTML = decodeURIComponent(o);}());<\/script><noscript>*protected email*<\/noscript><span id=\"eeb-72236-812227\"><\/span>.<\/p><p>Si vous estimez, apr\u00e8s nous avoir contact\u00e9s, que vos droits \u00ab Informatique et Libert\u00e9s \u00bb ne sont pas respect\u00e9s, vous pouvez adresser une r\u00e9clamation \u00e0 la CNIL.<\/p>\t\t\t\t\t\t<\/div>\n\t\t\t\t<\/div>\n\t\t\t\t\t<\/div>\n\t\t<\/div>\n\t\t\t\t\t<\/div>\n\t\t<\/section>\n\t\t\t\t<\/div>","protected":false},"excerpt":{"rendered":"<p>Politique de confidentialit\u00e9 Les informations recueillies sur ce formulaire sont enregistr\u00e9es dans un fichier informatis\u00e9 par L\u00e9a RIBES,&nbsp;contact@learibes.fr, &nbsp;pour g\u00e9rer la relation client. La base l\u00e9gale du traitement est de r\u00e9pondre aux inter\u00eats l\u00e9gitimes. Les donn\u00e9es collect\u00e9es seront communiqu\u00e9es aux seuls destinataires suivants : ,&nbsp;contact@learibes.fr. Les donn\u00e9es sont conserv\u00e9es pendant 3 ans. Vous pouvez acc\u00e9der [&hellip;]<\/p>","protected":false},"author":1,"featured_media":0,"parent":0,"menu_order":0,"comment_status":"closed","ping_status":"closed","template":"","meta":{"site-sidebar-layout":"default","site-content-layout":"default","ast-site-content-layout":"","site-content-style":"default","site-sidebar-style":"default","ast-global-header-display":"","ast-banner-title-visibility":"","ast-main-header-display":"","ast-hfb-above-header-display":"","ast-hfb-below-header-display":"","ast-hfb-mobile-header-display":"","site-post-title":"disabled","ast-breadcrumbs-content":"","ast-featured-img":"","footer-sml-layout":"","theme-transparent-header-meta":"default","adv-header-id-meta":"","stick-header-meta":"","header-above-stick-meta":"","header-main-stick-meta":"","header-below-stick-meta":"","astra-migrate-meta-layouts":"default","ast-page-background-enabled":"default","ast-page-background-meta":{"desktop":{"background-color":"","background-image":"","background-repeat":"repeat","background-position":"center center","background-size":"auto","background-attachment":"scroll","background-type":"","background-media":"","overlay-type":"","overlay-color":"","overlay-opacity":"","overlay-gradient":""},"tablet":{"background-color":"","background-image":"","background-repeat":"repeat","background-position":"center center","background-size":"auto","background-attachment":"scroll","background-type":"","background-media":"","overlay-type":"","overlay-color":"","overlay-opacity":"","overlay-gradient":""},"mobile":{"background-color":"","background-image":"","background-repeat":"repeat","background-position":"center center","background-size":"auto","background-attachment":"scroll","background-type":"","background-media":"","overlay-type":"","overlay-color":"","overlay-opacity":"","overlay-gradient":""}},"ast-content-background-meta":{"desktop":{"background-color":"var(--ast-global-color-5)","background-image":"","background-repeat":"repeat","background-position":"center center","background-size":"auto","background-attachment":"scroll","background-type":"","background-media":"","overlay-type":"","overlay-color":"","overlay-opacity":"","overlay-gradient":""},"tablet":{"background-color":"var(--ast-global-color-5)","background-image":"","background-repeat":"repeat","background-position":"center center","background-size":"auto","background-attachment":"scroll","background-type":"","background-media":"","overlay-type":"","overlay-color":"","overlay-opacity":"","overlay-gradient":""},"mobile":{"background-color":"var(--ast-global-color-5)","background-image":"","background-repeat":"repeat","background-position":"center center","background-size":"auto","background-attachment":"scroll","background-type":"","background-media":"","overlay-type":"","overlay-color":"","overlay-opacity":"","overlay-gradient":""}},"footnotes":""},"yoast_head":"<!-- This site is optimized with the Yoast SEO plugin v22.8 - https:\/\/yoast.com\/wordpress\/plugins\/seo\/ -->\n<title>Politique de confidentialit\u00e9 - Domaines Botica Galy<\/title>\n<meta name=\"robots\" content=\"noindex, follow\" \/>\n<meta property=\"og:locale\" content=\"en_US\" \/>\n<meta property=\"og:type\" content=\"article\" \/>\n<meta property=\"og:title\" content=\"Politique de confidentialit\u00e9 - Domaines Botica Galy\" \/>\n<meta property=\"og:description\" content=\"Politique de confidentialit\u00e9 Les informations recueillies sur ce formulaire sont enregistr\u00e9es dans un fichier informatis\u00e9 par L\u00e9a RIBES,&nbsp;contact@learibes.fr, &nbsp;pour g\u00e9rer la relation client. La base l\u00e9gale du traitement est de r\u00e9pondre aux inter\u00eats l\u00e9gitimes. Les donn\u00e9es collect\u00e9es seront communiqu\u00e9es aux seuls destinataires suivants : ,&nbsp;contact@learibes.fr. Les donn\u00e9es sont conserv\u00e9es pendant 3 ans. Vous pouvez acc\u00e9der [&hellip;]\" \/>\n<meta property=\"og:url\" content=\"https:\/\/domainesboticagaly.com\/en\/politique-confidentialite\/\" \/>\n<meta property=\"og:site_name\" content=\"Domaines Botica Galy\" \/>\n<meta property=\"article:publisher\" content=\"https:\/\/www.facebook.com\/vignoblesbgwine\/\" \/>\n<meta property=\"article:modified_time\" content=\"2021-12-13T17:13:43+00:00\" \/>\n<meta property=\"og:image\" content=\"https:\/\/domainesboticagaly.com\/wp-content\/uploads\/2021\/07\/verre-vin-vignes.jpeg\" \/>\n\t<meta property=\"og:image:width\" content=\"1050\" \/>\n\t<meta property=\"og:image:height\" content=\"700\" \/>\n\t<meta property=\"og:image:type\" content=\"image\/jpeg\" \/>\n<meta name=\"twitter:card\" content=\"summary_large_image\" \/>\n<meta name=\"twitter:label1\" content=\"Est. reading time\" \/>\n\t<meta name=\"twitter:data1\" content=\"1 minute\" \/>\n<script type=\"application\/ld+json\" class=\"yoast-schema-graph\">{\"@context\":\"https:\/\/schema.org\",\"@graph\":[{\"@type\":\"WebPage\",\"@id\":\"https:\/\/domainesboticagaly.com\/politique-confidentialite\/\",\"url\":\"https:\/\/domainesboticagaly.com\/politique-confidentialite\/\",\"name\":\"Politique de confidentialit\u00e9 - Domaines Botica Galy\",\"isPartOf\":{\"@id\":\"https:\/\/domainesboticagaly.com\/#website\"},\"datePublished\":\"2021-06-28T11:18:13+00:00\",\"dateModified\":\"2021-12-13T17:13:43+00:00\",\"breadcrumb\":{\"@id\":\"https:\/\/domainesboticagaly.com\/politique-confidentialite\/#breadcrumb\"},\"inLanguage\":\"en-US\",\"potentialAction\":[{\"@type\":\"ReadAction\",\"target\":[\"https:\/\/domainesboticagaly.com\/politique-confidentialite\/\"]}]},{\"@type\":\"BreadcrumbList\",\"@id\":\"https:\/\/domainesboticagaly.com\/politique-confidentialite\/#breadcrumb\",\"itemListElement\":[{\"@type\":\"ListItem\",\"position\":1,\"name\":\"Accueil\",\"item\":\"https:\/\/domainesboticagaly.com\/\"},{\"@type\":\"ListItem\",\"position\":2,\"name\":\"Politique de confidentialit\u00e9\"}]},{\"@type\":\"WebSite\",\"@id\":\"https:\/\/domainesboticagaly.com\/#website\",\"url\":\"https:\/\/domainesboticagaly.com\/\",\"name\":\"Domaines Botica Galy\",\"description\":\"Vignobles d&#039;expression.\",\"publisher\":{\"@id\":\"https:\/\/domainesboticagaly.com\/#organization\"},\"potentialAction\":[{\"@type\":\"SearchAction\",\"target\":{\"@type\":\"EntryPoint\",\"urlTemplate\":\"https:\/\/domainesboticagaly.com\/?s={search_term_string}\"},\"query-input\":\"required name=search_term_string\"}],\"inLanguage\":\"en-US\"},{\"@type\":\"Organization\",\"@id\":\"https:\/\/domainesboticagaly.com\/#organization\",\"name\":\"BG Wine\",\"url\":\"https:\/\/domainesboticagaly.com\/\",\"logo\":{\"@type\":\"ImageObject\",\"inLanguage\":\"en-US\",\"@id\":\"https:\/\/domainesboticagaly.com\/#\/schema\/logo\/image\/\",\"url\":\"https:\/\/domainesboticagaly.com\/\/wp-content\/uploads\/2021\/06\/cropped-logo_transp-1.png\",\"contentUrl\":\"https:\/\/domainesboticagaly.com\/\/wp-content\/uploads\/2021\/06\/cropped-logo_transp-1.png\",\"width\":4736,\"height\":4191,\"caption\":\"BG Wine\"},\"image\":{\"@id\":\"https:\/\/domainesboticagaly.com\/#\/schema\/logo\/image\/\"},\"sameAs\":[\"https:\/\/www.facebook.com\/vignoblesbgwine\/\",\"https:\/\/www.instagram.com\/domainesbgwine\/\",\"https:\/\/www.linkedin.com\/company\/76267543\/admin\/\"]}]}<\/script>\n<!-- \/ Yoast SEO plugin. -->","yoast_head_json":{"title":"Politique de confidentialit\u00e9 - Domaines Botica Galy","robots":{"index":"noindex","follow":"follow"},"og_locale":"en_US","og_type":"article","og_title":"Politique de confidentialit\u00e9 - Domaines Botica Galy","og_description":"Politique de confidentialit\u00e9 Les informations recueillies sur ce formulaire sont enregistr\u00e9es dans un fichier informatis\u00e9 par L\u00e9a RIBES,&nbsp;contact@learibes.fr, &nbsp;pour g\u00e9rer la relation client. La base l\u00e9gale du traitement est de r\u00e9pondre aux inter\u00eats l\u00e9gitimes. Les donn\u00e9es collect\u00e9es seront communiqu\u00e9es aux seuls destinataires suivants : ,&nbsp;contact@learibes.fr. Les donn\u00e9es sont conserv\u00e9es pendant 3 ans. Vous pouvez acc\u00e9der [&hellip;]","og_url":"https:\/\/domainesboticagaly.com\/en\/politique-confidentialite\/","og_site_name":"Domaines Botica Galy","article_publisher":"https:\/\/www.facebook.com\/vignoblesbgwine\/","article_modified_time":"2021-12-13T17:13:43+00:00","og_image":[{"width":1050,"height":700,"url":"https:\/\/domainesboticagaly.com\/wp-content\/uploads\/2021\/07\/verre-vin-vignes.jpeg","type":"image\/jpeg"}],"twitter_card":"summary_large_image","twitter_misc":{"Est. reading time":"1 minute"},"schema":{"@context":"https:\/\/schema.org","@graph":[{"@type":"WebPage","@id":"https:\/\/domainesboticagaly.com\/politique-confidentialite\/","url":"https:\/\/domainesboticagaly.com\/politique-confidentialite\/","name":"Politique de confidentialit\u00e9 - Domaines Botica Galy","isPartOf":{"@id":"https:\/\/domainesboticagaly.com\/#website"},"datePublished":"2021-06-28T11:18:13+00:00","dateModified":"2021-12-13T17:13:43+00:00","breadcrumb":{"@id":"https:\/\/domainesboticagaly.com\/politique-confidentialite\/#breadcrumb"},"inLanguage":"en-US","potentialAction":[{"@type":"ReadAction","target":["https:\/\/domainesboticagaly.com\/politique-confidentialite\/"]}]},{"@type":"BreadcrumbList","@id":"https:\/\/domainesboticagaly.com\/politique-confidentialite\/#breadcrumb","itemListElement":[{"@type":"ListItem","position":1,"name":"Accueil","item":"https:\/\/domainesboticagaly.com\/"},{"@type":"ListItem","position":2,"name":"Politique de confidentialit\u00e9"}]},{"@type":"WebSite","@id":"https:\/\/domainesboticagaly.com\/#website","url":"https:\/\/domainesboticagaly.com\/","name":"Domaines Botica Galy","description":"Vignobles d&#039;expression.","publisher":{"@id":"https:\/\/domainesboticagaly.com\/#organization"},"potentialAction":[{"@type":"SearchAction","target":{"@type":"EntryPoint","urlTemplate":"https:\/\/domainesboticagaly.com\/?s={search_term_string}"},"query-input":"required name=search_term_string"}],"inLanguage":"en-US"},{"@type":"Organization","@id":"https:\/\/domainesboticagaly.com\/#organization","name":"BG Wine","url":"https:\/\/domainesboticagaly.com\/","logo":{"@type":"ImageObject","inLanguage":"en-US","@id":"https:\/\/domainesboticagaly.com\/#\/schema\/logo\/image\/","url":"https:\/\/domainesboticagaly.com\/\/wp-content\/uploads\/2021\/06\/cropped-logo_transp-1.png","contentUrl":"https:\/\/domainesboticagaly.com\/\/wp-content\/uploads\/2021\/06\/cropped-logo_transp-1.png","width":4736,"height":4191,"caption":"BG Wine"},"image":{"@id":"https:\/\/domainesboticagaly.com\/#\/schema\/logo\/image\/"},"sameAs":["https:\/\/www.facebook.com\/vignoblesbgwine\/","https:\/\/www.instagram.com\/domainesbgwine\/","https:\/\/www.linkedin.com\/company\/76267543\/admin\/"]}]}},"_links":{"self":[{"href":"https:\/\/domainesboticagaly.com\/en\/wp-json\/wp\/v2\/pages\/3"}],"collection":[{"href":"https:\/\/domainesboticagaly.com\/en\/wp-json\/wp\/v2\/pages"}],"about":[{"href":"https:\/\/domainesboticagaly.com\/en\/wp-json\/wp\/v2\/types\/page"}],"author":[{"embeddable":true,"href":"https:\/\/domainesboticagaly.com\/en\/wp-json\/wp\/v2\/users\/1"}],"replies":[{"embeddable":true,"href":"https:\/\/domainesboticagaly.com\/en\/wp-json\/wp\/v2\/comments?post=3"}],"version-history":[{"count":1,"href":"https:\/\/domainesboticagaly.com\/en\/wp-json\/wp\/v2\/pages\/3\/revisions"}],"predecessor-version":[{"id":3877,"href":"https:\/\/domainesboticagaly.com\/en\/wp-json\/wp\/v2\/pages\/3\/revisions\/3877"}],"wp:attachment":[{"href":"https:\/\/domainesboticagaly.com\/en\/wp-json\/wp\/v2\/media?parent=3"}],"curies":[{"name":"wp","href":"https:\/\/api.w.org\/{rel}","templated":true}]}}