{"id":5355,"date":"2022-12-07T09:44:21","date_gmt":"2022-12-07T08:44:21","guid":{"rendered":"https:\/\/domainesboticagaly.com\/?post_type=product&#038;p=5355"},"modified":"2022-12-07T09:47:24","modified_gmt":"2022-12-07T08:47:24","slug":"carte-cadeau-domaines-bg-wine","status":"publish","type":"product","link":"https:\/\/domainesboticagaly.com\/en\/product\/carte-cadeau-domaines-bg-wine\/","title":{"rendered":"Carte Cadeau &#8211; Domaines BG WINE"},"content":{"rendered":"<figure id=\"attachment_5356\" aria-describedby=\"caption-attachment-5356\" style=\"width: 300px\" class=\"wp-caption alignnone\"><img fetchpriority=\"high\" decoding=\"async\" class=\"size-medium wp-image-5356\" src=\"https:\/\/domainesboticagaly.com\/wp-content\/uploads\/2022\/12\/1-300x213.png\" alt=\"Carte Cadeau - Domaines BG WINE \" width=\"300\" height=\"213\" srcset=\"https:\/\/domainesboticagaly.com\/wp-content\/uploads\/2022\/12\/1-300x213.png 300w, https:\/\/domainesboticagaly.com\/wp-content\/uploads\/2022\/12\/1-1024x726.png 1024w, https:\/\/domainesboticagaly.com\/wp-content\/uploads\/2022\/12\/1-768x545.png 768w, https:\/\/domainesboticagaly.com\/wp-content\/uploads\/2022\/12\/1-1536x1090.png 1536w, https:\/\/domainesboticagaly.com\/wp-content\/uploads\/2022\/12\/1-18x12.png 18w, https:\/\/domainesboticagaly.com\/wp-content\/uploads\/2022\/12\/1-600x426.png 600w, https:\/\/domainesboticagaly.com\/wp-content\/uploads\/2022\/12\/1.png 1748w\" sizes=\"(max-width: 300px) 100vw, 300px\" \/><figcaption id=\"caption-attachment-5356\" class=\"wp-caption-text\">Carte Cadeau &#8211; Domaines BG WINE<\/figcaption><\/figure>\n<p><img decoding=\"async\" class=\"alignnone size-medium wp-image-5357\" src=\"https:\/\/domainesboticagaly.com\/wp-content\/uploads\/2022\/12\/2-300x213.png\" alt=\"\" width=\"300\" height=\"213\" srcset=\"https:\/\/domainesboticagaly.com\/wp-content\/uploads\/2022\/12\/2-300x213.png 300w, https:\/\/domainesboticagaly.com\/wp-content\/uploads\/2022\/12\/2-1024x726.png 1024w, https:\/\/domainesboticagaly.com\/wp-content\/uploads\/2022\/12\/2-768x545.png 768w, https:\/\/domainesboticagaly.com\/wp-content\/uploads\/2022\/12\/2-1536x1090.png 1536w, https:\/\/domainesboticagaly.com\/wp-content\/uploads\/2022\/12\/2-18x12.png 18w, https:\/\/domainesboticagaly.com\/wp-content\/uploads\/2022\/12\/2-600x426.png 600w, https:\/\/domainesboticagaly.com\/wp-content\/uploads\/2022\/12\/2.png 1748w\" sizes=\"(max-width: 300px) 100vw, 300px\" \/><\/p>","protected":false},"excerpt":{"rendered":"<p>\ud83c\udf77\ud83c\udf47 Offrez \u00e0 vos proches une carte cadeau qui lui permettra de r\u00e9cup\u00e9rer le vin qu&rsquo;il pr\u00e9f\u00e8re des Domaines BG WINE ! \ud83c\udf77\ud83c\udf47<\/p>\n<p>H\u00e9sitez pas \u00e0 nous contacter si vous souhaitez des informations compl\u00e9mentaires : sabrina@domainesbgwine.com.<\/p>","protected":false},"featured_media":0,"template":"","meta":{"site-sidebar-layout":"default","site-content-layout":"default","ast-site-content-layout":"","site-content-style":"default","site-sidebar-style":"default","ast-global-header-display":"","ast-banner-title-visibility":"","ast-main-header-display":"","ast-hfb-above-header-display":"","ast-hfb-below-header-display":"","ast-hfb-mobile-header-display":"","site-post-title":"","ast-breadcrumbs-content":"","ast-featured-img":"","footer-sml-layout":"","theme-transparent-header-meta":"default","adv-header-id-meta":"","stick-header-meta":"","header-above-stick-meta":"","header-main-stick-meta":"","header-below-stick-meta":"","astra-migrate-meta-layouts":"default","ast-page-background-enabled":"default","ast-page-background-meta":{"desktop":{"background-color":"","background-image":"","background-repeat":"repeat","background-position":"center center","background-size":"auto","background-attachment":"scroll","background-type":"","background-media":"","overlay-type":"","overlay-color":"","overlay-opacity":"","overlay-gradient":""},"tablet":{"background-color":"","background-image":"","background-repeat":"repeat","background-position":"center center","background-size":"auto","background-attachment":"scroll","background-type":"","background-media":"","overlay-type":"","overlay-color":"","overlay-opacity":"","overlay-gradient":""},"mobile":{"background-color":"","background-image":"","background-repeat":"repeat","background-position":"center center","background-size":"auto","background-attachment":"scroll","background-type":"","background-media":"","overlay-type":"","overlay-color":"","overlay-opacity":"","overlay-gradient":""}},"ast-content-background-meta":{"desktop":{"background-color":"var(--ast-global-color-5)","background-image":"","background-repeat":"repeat","background-position":"center center","background-size":"auto","background-attachment":"scroll","background-type":"","background-media":"","overlay-type":"","overlay-color":"","overlay-opacity":"","overlay-gradient":""},"tablet":{"background-color":"var(--ast-global-color-5)","background-image":"","background-repeat":"repeat","background-position":"center center","background-size":"auto","background-attachment":"scroll","background-type":"","background-media":"","overlay-type":"","overlay-color":"","overlay-opacity":"","overlay-gradient":""},"mobile":{"background-color":"var(--ast-global-color-5)","background-image":"","background-repeat":"repeat","background-position":"center center","background-size":"auto","background-attachment":"scroll","background-type":"","background-media":"","overlay-type":"","overlay-color":"","overlay-opacity":"","overlay-gradient":""}}},"product_cat":[15],"product_tag":[37],"yoast_head":"<!-- This site is optimized with the Yoast SEO plugin v22.8 - https:\/\/yoast.com\/wordpress\/plugins\/seo\/ -->\n<title>Carte Cadeau - Domaines BG WINE - Domaines Botica Galy<\/title>\n<meta name=\"description\" content=\"Carte Cadeau - Vins Domaines BG WINE\" \/>\n<meta name=\"robots\" content=\"index, follow, max-snippet:-1, max-image-preview:large, max-video-preview:-1\" \/>\n<link rel=\"canonical\" href=\"https:\/\/domainesboticagaly.com\/en\/product\/carte-cadeau-domaines-bg-wine\/\" \/>\n<meta property=\"og:locale\" content=\"en_US\" \/>\n<meta property=\"og:type\" content=\"article\" \/>\n<meta property=\"og:title\" content=\"Carte Cadeau - Domaines BG WINE - Domaines Botica Galy\" \/>\n<meta property=\"og:description\" content=\"Carte Cadeau - Vins Domaines BG WINE\" \/>\n<meta property=\"og:url\" content=\"https:\/\/domainesboticagaly.com\/en\/product\/carte-cadeau-domaines-bg-wine\/\" \/>\n<meta property=\"og:site_name\" content=\"Domaines Botica Galy\" \/>\n<meta property=\"article:publisher\" content=\"https:\/\/www.facebook.com\/vignoblesbgwine\/\" \/>\n<meta property=\"article:modified_time\" content=\"2022-12-07T08:47:24+00:00\" \/>\n<meta property=\"og:image\" content=\"https:\/\/domainesboticagaly.com\/wp-content\/uploads\/2022\/12\/1-300x213.png\" \/>\n<meta name=\"twitter:card\" content=\"summary_large_image\" \/>\n<script type=\"application\/ld+json\" class=\"yoast-schema-graph\">{\"@context\":\"https:\/\/schema.org\",\"@graph\":[{\"@type\":\"WebPage\",\"@id\":\"https:\/\/domainesboticagaly.com\/produit\/carte-cadeau-domaines-bg-wine\/\",\"url\":\"https:\/\/domainesboticagaly.com\/produit\/carte-cadeau-domaines-bg-wine\/\",\"name\":\"Carte Cadeau - Domaines BG WINE - Domaines Botica Galy\",\"isPartOf\":{\"@id\":\"https:\/\/domainesboticagaly.com\/#website\"},\"primaryImageOfPage\":{\"@id\":\"https:\/\/domainesboticagaly.com\/produit\/carte-cadeau-domaines-bg-wine\/#primaryimage\"},\"image\":{\"@id\":\"https:\/\/domainesboticagaly.com\/produit\/carte-cadeau-domaines-bg-wine\/#primaryimage\"},\"thumbnailUrl\":\"https:\/\/domainesboticagaly.com\/wp-content\/uploads\/2022\/12\/1-300x213.png\",\"datePublished\":\"2022-12-07T08:44:21+00:00\",\"dateModified\":\"2022-12-07T08:47:24+00:00\",\"description\":\"Carte Cadeau - Vins Domaines BG WINE\",\"breadcrumb\":{\"@id\":\"https:\/\/domainesboticagaly.com\/produit\/carte-cadeau-domaines-bg-wine\/#breadcrumb\"},\"inLanguage\":\"en-US\",\"potentialAction\":[{\"@type\":\"ReadAction\",\"target\":[\"https:\/\/domainesboticagaly.com\/produit\/carte-cadeau-domaines-bg-wine\/\"]}]},{\"@type\":\"ImageObject\",\"inLanguage\":\"en-US\",\"@id\":\"https:\/\/domainesboticagaly.com\/produit\/carte-cadeau-domaines-bg-wine\/#primaryimage\",\"url\":\"https:\/\/domainesboticagaly.com\/wp-content\/uploads\/2022\/12\/1-300x213.png\",\"contentUrl\":\"https:\/\/domainesboticagaly.com\/wp-content\/uploads\/2022\/12\/1-300x213.png\"},{\"@type\":\"BreadcrumbList\",\"@id\":\"https:\/\/domainesboticagaly.com\/produit\/carte-cadeau-domaines-bg-wine\/#breadcrumb\",\"itemListElement\":[{\"@type\":\"ListItem\",\"position\":1,\"name\":\"Accueil\",\"item\":\"https:\/\/domainesboticagaly.com\/\"},{\"@type\":\"ListItem\",\"position\":2,\"name\":\"Produits\",\"item\":\"https:\/\/domainesboticagaly.com\/boutique__trashed\/\"},{\"@type\":\"ListItem\",\"position\":3,\"name\":\"Carte Cadeau &#8211; Domaines BG WINE\"}]},{\"@type\":\"WebSite\",\"@id\":\"https:\/\/domainesboticagaly.com\/#website\",\"url\":\"https:\/\/domainesboticagaly.com\/\",\"name\":\"Domaines Botica Galy\",\"description\":\"Vignobles d&#039;expression.\",\"publisher\":{\"@id\":\"https:\/\/domainesboticagaly.com\/#organization\"},\"potentialAction\":[{\"@type\":\"SearchAction\",\"target\":{\"@type\":\"EntryPoint\",\"urlTemplate\":\"https:\/\/domainesboticagaly.com\/?s={search_term_string}\"},\"query-input\":\"required name=search_term_string\"}],\"inLanguage\":\"en-US\"},{\"@type\":\"Organization\",\"@id\":\"https:\/\/domainesboticagaly.com\/#organization\",\"name\":\"BG Wine\",\"url\":\"https:\/\/domainesboticagaly.com\/\",\"logo\":{\"@type\":\"ImageObject\",\"inLanguage\":\"en-US\",\"@id\":\"https:\/\/domainesboticagaly.com\/#\/schema\/logo\/image\/\",\"url\":\"https:\/\/domainesboticagaly.com\/\/wp-content\/uploads\/2021\/06\/cropped-logo_transp-1.png\",\"contentUrl\":\"https:\/\/domainesboticagaly.com\/\/wp-content\/uploads\/2021\/06\/cropped-logo_transp-1.png\",\"width\":4736,\"height\":4191,\"caption\":\"BG Wine\"},\"image\":{\"@id\":\"https:\/\/domainesboticagaly.com\/#\/schema\/logo\/image\/\"},\"sameAs\":[\"https:\/\/www.facebook.com\/vignoblesbgwine\/\",\"https:\/\/www.instagram.com\/domainesbgwine\/\",\"https:\/\/www.linkedin.com\/company\/76267543\/admin\/\"]}]}<\/script>\n<!-- \/ Yoast SEO plugin. -->","yoast_head_json":{"title":"Carte Cadeau - Domaines BG WINE - Domaines Botica Galy","description":"Carte Cadeau - Vins Domaines BG WINE","robots":{"index":"index","follow":"follow","max-snippet":"max-snippet:-1","max-image-preview":"max-image-preview:large","max-video-preview":"max-video-preview:-1"},"canonical":"https:\/\/domainesboticagaly.com\/en\/product\/carte-cadeau-domaines-bg-wine\/","og_locale":"en_US","og_type":"article","og_title":"Carte Cadeau - Domaines BG WINE - Domaines Botica Galy","og_description":"Carte Cadeau - Vins Domaines BG WINE","og_url":"https:\/\/domainesboticagaly.com\/en\/product\/carte-cadeau-domaines-bg-wine\/","og_site_name":"Domaines Botica Galy","article_publisher":"https:\/\/www.facebook.com\/vignoblesbgwine\/","article_modified_time":"2022-12-07T08:47:24+00:00","og_image":[{"url":"https:\/\/domainesboticagaly.com\/wp-content\/uploads\/2022\/12\/1-300x213.png"}],"twitter_card":"summary_large_image","schema":{"@context":"https:\/\/schema.org","@graph":[{"@type":"WebPage","@id":"https:\/\/domainesboticagaly.com\/produit\/carte-cadeau-domaines-bg-wine\/","url":"https:\/\/domainesboticagaly.com\/produit\/carte-cadeau-domaines-bg-wine\/","name":"Carte Cadeau - Domaines BG WINE - Domaines Botica Galy","isPartOf":{"@id":"https:\/\/domainesboticagaly.com\/#website"},"primaryImageOfPage":{"@id":"https:\/\/domainesboticagaly.com\/produit\/carte-cadeau-domaines-bg-wine\/#primaryimage"},"image":{"@id":"https:\/\/domainesboticagaly.com\/produit\/carte-cadeau-domaines-bg-wine\/#primaryimage"},"thumbnailUrl":"https:\/\/domainesboticagaly.com\/wp-content\/uploads\/2022\/12\/1-300x213.png","datePublished":"2022-12-07T08:44:21+00:00","dateModified":"2022-12-07T08:47:24+00:00","description":"Carte Cadeau - Vins Domaines BG WINE","breadcrumb":{"@id":"https:\/\/domainesboticagaly.com\/produit\/carte-cadeau-domaines-bg-wine\/#breadcrumb"},"inLanguage":"en-US","potentialAction":[{"@type":"ReadAction","target":["https:\/\/domainesboticagaly.com\/produit\/carte-cadeau-domaines-bg-wine\/"]}]},{"@type":"ImageObject","inLanguage":"en-US","@id":"https:\/\/domainesboticagaly.com\/produit\/carte-cadeau-domaines-bg-wine\/#primaryimage","url":"https:\/\/domainesboticagaly.com\/wp-content\/uploads\/2022\/12\/1-300x213.png","contentUrl":"https:\/\/domainesboticagaly.com\/wp-content\/uploads\/2022\/12\/1-300x213.png"},{"@type":"BreadcrumbList","@id":"https:\/\/domainesboticagaly.com\/produit\/carte-cadeau-domaines-bg-wine\/#breadcrumb","itemListElement":[{"@type":"ListItem","position":1,"name":"Accueil","item":"https:\/\/domainesboticagaly.com\/"},{"@type":"ListItem","position":2,"name":"Produits","item":"https:\/\/domainesboticagaly.com\/boutique__trashed\/"},{"@type":"ListItem","position":3,"name":"Carte Cadeau &#8211; Domaines BG WINE"}]},{"@type":"WebSite","@id":"https:\/\/domainesboticagaly.com\/#website","url":"https:\/\/domainesboticagaly.com\/","name":"Domaines Botica Galy","description":"Vignobles d&#039;expression.","publisher":{"@id":"https:\/\/domainesboticagaly.com\/#organization"},"potentialAction":[{"@type":"SearchAction","target":{"@type":"EntryPoint","urlTemplate":"https:\/\/domainesboticagaly.com\/?s={search_term_string}"},"query-input":"required name=search_term_string"}],"inLanguage":"en-US"},{"@type":"Organization","@id":"https:\/\/domainesboticagaly.com\/#organization","name":"BG Wine","url":"https:\/\/domainesboticagaly.com\/","logo":{"@type":"ImageObject","inLanguage":"en-US","@id":"https:\/\/domainesboticagaly.com\/#\/schema\/logo\/image\/","url":"https:\/\/domainesboticagaly.com\/\/wp-content\/uploads\/2021\/06\/cropped-logo_transp-1.png","contentUrl":"https:\/\/domainesboticagaly.com\/\/wp-content\/uploads\/2021\/06\/cropped-logo_transp-1.png","width":4736,"height":4191,"caption":"BG Wine"},"image":{"@id":"https:\/\/domainesboticagaly.com\/#\/schema\/logo\/image\/"},"sameAs":["https:\/\/www.facebook.com\/vignoblesbgwine\/","https:\/\/www.instagram.com\/domainesbgwine\/","https:\/\/www.linkedin.com\/company\/76267543\/admin\/"]}]}},"_links":{"self":[{"href":"https:\/\/domainesboticagaly.com\/en\/wp-json\/wp\/v2\/product\/5355"}],"collection":[{"href":"https:\/\/domainesboticagaly.com\/en\/wp-json\/wp\/v2\/product"}],"about":[{"href":"https:\/\/domainesboticagaly.com\/en\/wp-json\/wp\/v2\/types\/product"}],"version-history":[{"count":1,"href":"https:\/\/domainesboticagaly.com\/en\/wp-json\/wp\/v2\/product\/5355\/revisions"}],"predecessor-version":[{"id":5358,"href":"https:\/\/domainesboticagaly.com\/en\/wp-json\/wp\/v2\/product\/5355\/revisions\/5358"}],"wp:attachment":[{"href":"https:\/\/domainesboticagaly.com\/en\/wp-json\/wp\/v2\/media?parent=5355"}],"wp:term":[{"taxonomy":"product_cat","embeddable":true,"href":"https:\/\/domainesboticagaly.com\/en\/wp-json\/wp\/v2\/product_cat?post=5355"},{"taxonomy":"product_tag","embeddable":true,"href":"https:\/\/domainesboticagaly.com\/en\/wp-json\/wp\/v2\/product_tag?post=5355"}],"curies":[{"name":"wp","href":"https:\/\/api.w.org\/{rel}","templated":true}]}}