{"id":5399,"date":"2023-06-01T11:58:29","date_gmt":"2023-06-01T09:58:29","guid":{"rendered":"https:\/\/domainesboticagaly.com\/?post_type=product&#038;p=5399"},"modified":"2024-06-06T13:06:14","modified_gmt":"2024-06-06T11:06:14","slug":"rouge-chateau-de-villemartinaoplimoux-2021","status":"publish","type":"product","link":"https:\/\/domainesboticagaly.com\/en\/product\/rouge-chateau-de-villemartinaoplimoux-2021\/","title":{"rendered":"Rouge Ch\u00e2teau de Villemartin &#8211; AOP Limoux rouge &#8211; 2021"},"content":{"rendered":"<p><strong>C\u00e9pages :<\/strong> 20% Cabernet Sauvignon &#8211; 30% Malbec &#8211; 50% Merlot<\/p>\n<p><strong>Terroir :<\/strong>\u00a0Les sols les plus anciens sont form\u00e9s de molasses, poudingues et conglom\u00e9rats \u00e0 galets de granite.<br \/>\nLes molasses de Castelnaudary composent les sols des vignes les plus au nord.<br \/>\nSur les sommets, les vignes reposent sur des alluvions anciennes form\u00e9es de galets de quartz, quartzites et schistesquartz.<\/p>\n<p><strong>Winemaking :\u00a0<\/strong>Vendanges m\u00e9caniques de nuit pour pr\u00e9server le potentiel aromatique des raisins. Egrappage puis pressurage direct.\u00a0Les jus sont d\u00e9bourb\u00e9s \u00e0 froid et la vinification se d\u00e9roule en cuves inox thermor\u00e9gul\u00e9es. En fin de vinification et en cours d\u2019\u00e9levage, des batonnages sont r\u00e9alis\u00e9s afin d\u2019apporter du gras au vin.<\/p>\n<p><strong>Accords mets et vins : <\/strong><\/p>\n<p>Viandes et l\u00e9gumes grill\u00e9s, Filet mignon au thym, Bethmale<\/p>\n<p>A d\u00e9guster 18\u00b0 \u00e0 20\u00b0<\/p>\n<h2>Note de d\u00e9gustation :<\/h2>\n<h3><\/h3>\n<p>Robe : grenat intense<\/p>\n<p>&nbsp;<\/p>\n<h3><\/h3>\n<p>Nez de fruits rouges m\u00fbrs et de garrigues.<\/p>\n<p>&nbsp;<\/p>\n<h3><\/h3>\n<p>Bouche des ar\u00f4mes d&rsquo;\u00e9pices et de pruneaux<\/p>\n<p>&nbsp;<\/p>\n<h3><\/h3>\n<ul>\n<li>Concours international de Lyon<\/li>\n<li>Gilbert et Gaillard<\/li>\n<li>Ch\u00e2teau Deumi\u00e9 2018 : Coup de coeur 3 \u00e9toiles guide Hachette 2021&nbsp;<br \/>\n<h3><\/h3>\n<p>This wine is the perfect accompaniment to cassoulet, red meats, cheeses and chocolate-based desserts.<\/li>\n<\/ul>","protected":false},"excerpt":{"rendered":"<p class=\"_04xlpA direction-ltr align-justify para-style-body\"><span class=\"WdYUQQ\">Une robe rouge profonde et intense caract\u00e9rise parfaitement ce vin. Au nez vous retrouverez des ar\u00f4mes <\/span><span class=\"WdYUQQ\">de fruits rouges m\u00fbrs et de garrigues. En b<\/span><span class=\"WdYUQQ\">ouche des ar\u00f4mes d&rsquo;\u00e9pices et de pruneaux se d\u00e9veloppent. L<\/span><span class=\"WdYUQQ\">es tanins sont bien pr\u00e9sent mais soyeux.<\/span><\/p>\n<p><a href=\"#commentdeguster\"><u>Discover the tasting notes<\/u><img decoding=\"async\" src=\"https:\/\/domainesboticagaly.com\/\/wp-content\/uploads\/2022\/04\/verre.svg\" width=\"20px\" \/><\/a><\/p>","protected":false},"featured_media":5871,"template":"","meta":{"site-sidebar-layout":"default","site-content-layout":"default","ast-site-content-layout":"default","site-content-style":"default","site-sidebar-style":"default","ast-global-header-display":"","ast-banner-title-visibility":"","ast-main-header-display":"","ast-hfb-above-header-display":"","ast-hfb-below-header-display":"","ast-hfb-mobile-header-display":"","site-post-title":"","ast-breadcrumbs-content":"","ast-featured-img":"","footer-sml-layout":"","theme-transparent-header-meta":"default","adv-header-id-meta":"","stick-header-meta":"","header-above-stick-meta":"","header-main-stick-meta":"","header-below-stick-meta":"","astra-migrate-meta-layouts":"set","ast-page-background-enabled":"default","ast-page-background-meta":{"desktop":{"background-color":"","background-image":"","background-repeat":"repeat","background-position":"center center","background-size":"auto","background-attachment":"scroll","background-type":"","background-media":"","overlay-type":"","overlay-color":"","overlay-opacity":"","overlay-gradient":""},"tablet":{"background-color":"","background-image":"","background-repeat":"repeat","background-position":"center center","background-size":"auto","background-attachment":"scroll","background-type":"","background-media":"","overlay-type":"","overlay-color":"","overlay-opacity":"","overlay-gradient":""},"mobile":{"background-color":"","background-image":"","background-repeat":"repeat","background-position":"center center","background-size":"auto","background-attachment":"scroll","background-type":"","background-media":"","overlay-type":"","overlay-color":"","overlay-opacity":"","overlay-gradient":""}},"ast-content-background-meta":{"desktop":{"background-color":"var(--ast-global-color-5)","background-image":"","background-repeat":"repeat","background-position":"center center","background-size":"auto","background-attachment":"scroll","background-type":"","background-media":"","overlay-type":"","overlay-color":"","overlay-opacity":"","overlay-gradient":""},"tablet":{"background-color":"var(--ast-global-color-5)","background-image":"","background-repeat":"repeat","background-position":"center center","background-size":"auto","background-attachment":"scroll","background-type":"","background-media":"","overlay-type":"","overlay-color":"","overlay-opacity":"","overlay-gradient":""},"mobile":{"background-color":"var(--ast-global-color-5)","background-image":"","background-repeat":"repeat","background-position":"center center","background-size":"auto","background-attachment":"scroll","background-type":"","background-media":"","overlay-type":"","overlay-color":"","overlay-opacity":"","overlay-gradient":""}}},"product_cat":[35],"product_tag":[],"yoast_head":"<!-- This site is optimized with the Yoast SEO plugin v22.8 - https:\/\/yoast.com\/wordpress\/plugins\/seo\/ -->\n<title>Rouge Ch\u00e2teau de Villemartin - AOP Limoux rouge - 2021 - Domaines Botica Galy<\/title>\n<meta name=\"robots\" content=\"noindex, follow\" \/>\n<meta property=\"og:locale\" content=\"en_US\" \/>\n<meta property=\"og:type\" content=\"article\" \/>\n<meta property=\"og:title\" content=\"Rouge Ch\u00e2teau de Villemartin - AOP Limoux rouge - 2021 - Domaines Botica Galy\" \/>\n<meta property=\"og:description\" content=\"Une robe rouge profonde et intense caract\u00e9rise parfaitement ce vin. Au nez vous retrouverez des ar\u00f4mes de fruits rouges m\u00fbrs et de garrigues. En bouche des ar\u00f4mes d&#039;\u00e9pices et de pruneaux se d\u00e9veloppent. Les tanins sont bien pr\u00e9sent mais soyeux. D\u00e9couvrez la note de d\u00e9gustation\" \/>\n<meta property=\"og:url\" content=\"https:\/\/domainesboticagaly.com\/en\/product\/rouge-chateau-de-villemartinaoplimoux-2021\/\" \/>\n<meta property=\"og:site_name\" content=\"Domaines Botica Galy\" \/>\n<meta property=\"article:publisher\" content=\"https:\/\/www.facebook.com\/vignoblesbgwine\/\" \/>\n<meta property=\"article:modified_time\" content=\"2024-06-06T11:06:14+00:00\" \/>\n<meta property=\"og:image\" content=\"https:\/\/domainesboticagaly.com\/wp-content\/uploads\/2024\/06\/58_Domaine-BG-Wine_Villemartin_Avec-filigrane_04-05-06_11_23.jpg\" \/>\n\t<meta property=\"og:image:width\" content=\"1000\" \/>\n\t<meta property=\"og:image:height\" content=\"1500\" \/>\n\t<meta property=\"og:image:type\" content=\"image\/jpeg\" \/>\n<meta name=\"twitter:card\" content=\"summary_large_image\" \/>\n<meta name=\"twitter:label1\" content=\"Est. reading time\" \/>\n\t<meta name=\"twitter:data1\" content=\"2 minutes\" \/>\n<script type=\"application\/ld+json\" class=\"yoast-schema-graph\">{\"@context\":\"https:\/\/schema.org\",\"@graph\":[{\"@type\":\"WebPage\",\"@id\":\"https:\/\/domainesboticagaly.com\/produit\/rouge-chateau-de-villemartinaoplimoux-2021\/\",\"url\":\"https:\/\/domainesboticagaly.com\/produit\/rouge-chateau-de-villemartinaoplimoux-2021\/\",\"name\":\"Rouge Ch\u00e2teau de Villemartin - AOP Limoux rouge - 2021 - Domaines Botica Galy\",\"isPartOf\":{\"@id\":\"https:\/\/domainesboticagaly.com\/#website\"},\"primaryImageOfPage\":{\"@id\":\"https:\/\/domainesboticagaly.com\/produit\/rouge-chateau-de-villemartinaoplimoux-2021\/#primaryimage\"},\"image\":{\"@id\":\"https:\/\/domainesboticagaly.com\/produit\/rouge-chateau-de-villemartinaoplimoux-2021\/#primaryimage\"},\"thumbnailUrl\":\"https:\/\/domainesboticagaly.com\/wp-content\/uploads\/2024\/06\/58_Domaine-BG-Wine_Villemartin_Avec-filigrane_04-05-06_11_23.jpg\",\"datePublished\":\"2023-06-01T09:58:29+00:00\",\"dateModified\":\"2024-06-06T11:06:14+00:00\",\"breadcrumb\":{\"@id\":\"https:\/\/domainesboticagaly.com\/produit\/rouge-chateau-de-villemartinaoplimoux-2021\/#breadcrumb\"},\"inLanguage\":\"en-US\",\"potentialAction\":[{\"@type\":\"ReadAction\",\"target\":[\"https:\/\/domainesboticagaly.com\/produit\/rouge-chateau-de-villemartinaoplimoux-2021\/\"]}]},{\"@type\":\"ImageObject\",\"inLanguage\":\"en-US\",\"@id\":\"https:\/\/domainesboticagaly.com\/produit\/rouge-chateau-de-villemartinaoplimoux-2021\/#primaryimage\",\"url\":\"https:\/\/domainesboticagaly.com\/wp-content\/uploads\/2024\/06\/58_Domaine-BG-Wine_Villemartin_Avec-filigrane_04-05-06_11_23.jpg\",\"contentUrl\":\"https:\/\/domainesboticagaly.com\/wp-content\/uploads\/2024\/06\/58_Domaine-BG-Wine_Villemartin_Avec-filigrane_04-05-06_11_23.jpg\",\"width\":1000,\"height\":1500},{\"@type\":\"BreadcrumbList\",\"@id\":\"https:\/\/domainesboticagaly.com\/produit\/rouge-chateau-de-villemartinaoplimoux-2021\/#breadcrumb\",\"itemListElement\":[{\"@type\":\"ListItem\",\"position\":1,\"name\":\"Accueil\",\"item\":\"https:\/\/domainesboticagaly.com\/\"},{\"@type\":\"ListItem\",\"position\":2,\"name\":\"Produits\",\"item\":\"https:\/\/domainesboticagaly.com\/boutique__trashed\/\"},{\"@type\":\"ListItem\",\"position\":3,\"name\":\"Rouge Ch\u00e2teau de Villemartin &#8211; AOP Limoux rouge &#8211; 2021\"}]},{\"@type\":\"WebSite\",\"@id\":\"https:\/\/domainesboticagaly.com\/#website\",\"url\":\"https:\/\/domainesboticagaly.com\/\",\"name\":\"Domaines Botica Galy\",\"description\":\"Vignobles d&#039;expression.\",\"publisher\":{\"@id\":\"https:\/\/domainesboticagaly.com\/#organization\"},\"potentialAction\":[{\"@type\":\"SearchAction\",\"target\":{\"@type\":\"EntryPoint\",\"urlTemplate\":\"https:\/\/domainesboticagaly.com\/?s={search_term_string}\"},\"query-input\":\"required name=search_term_string\"}],\"inLanguage\":\"en-US\"},{\"@type\":\"Organization\",\"@id\":\"https:\/\/domainesboticagaly.com\/#organization\",\"name\":\"BG Wine\",\"url\":\"https:\/\/domainesboticagaly.com\/\",\"logo\":{\"@type\":\"ImageObject\",\"inLanguage\":\"en-US\",\"@id\":\"https:\/\/domainesboticagaly.com\/#\/schema\/logo\/image\/\",\"url\":\"https:\/\/domainesboticagaly.com\/\/wp-content\/uploads\/2021\/06\/cropped-logo_transp-1.png\",\"contentUrl\":\"https:\/\/domainesboticagaly.com\/\/wp-content\/uploads\/2021\/06\/cropped-logo_transp-1.png\",\"width\":4736,\"height\":4191,\"caption\":\"BG Wine\"},\"image\":{\"@id\":\"https:\/\/domainesboticagaly.com\/#\/schema\/logo\/image\/\"},\"sameAs\":[\"https:\/\/www.facebook.com\/vignoblesbgwine\/\",\"https:\/\/www.instagram.com\/domainesbgwine\/\",\"https:\/\/www.linkedin.com\/company\/76267543\/admin\/\"]}]}<\/script>\n<!-- \/ Yoast SEO plugin. -->","yoast_head_json":{"title":"Rouge Ch\u00e2teau de Villemartin - AOP Limoux rouge - 2021 - Domaines Botica Galy","robots":{"index":"noindex","follow":"follow"},"og_locale":"en_US","og_type":"article","og_title":"Rouge Ch\u00e2teau de Villemartin - AOP Limoux rouge - 2021 - Domaines Botica Galy","og_description":"Une robe rouge profonde et intense caract\u00e9rise parfaitement ce vin. Au nez vous retrouverez des ar\u00f4mes de fruits rouges m\u00fbrs et de garrigues. En bouche des ar\u00f4mes d'\u00e9pices et de pruneaux se d\u00e9veloppent. Les tanins sont bien pr\u00e9sent mais soyeux. D\u00e9couvrez la note de d\u00e9gustation","og_url":"https:\/\/domainesboticagaly.com\/en\/product\/rouge-chateau-de-villemartinaoplimoux-2021\/","og_site_name":"Domaines Botica Galy","article_publisher":"https:\/\/www.facebook.com\/vignoblesbgwine\/","article_modified_time":"2024-06-06T11:06:14+00:00","og_image":[{"width":1000,"height":1500,"url":"https:\/\/domainesboticagaly.com\/wp-content\/uploads\/2024\/06\/58_Domaine-BG-Wine_Villemartin_Avec-filigrane_04-05-06_11_23.jpg","type":"image\/jpeg"}],"twitter_card":"summary_large_image","twitter_misc":{"Est. reading time":"2 minutes"},"schema":{"@context":"https:\/\/schema.org","@graph":[{"@type":"WebPage","@id":"https:\/\/domainesboticagaly.com\/produit\/rouge-chateau-de-villemartinaoplimoux-2021\/","url":"https:\/\/domainesboticagaly.com\/produit\/rouge-chateau-de-villemartinaoplimoux-2021\/","name":"Rouge Ch\u00e2teau de Villemartin - AOP Limoux rouge - 2021 - Domaines Botica Galy","isPartOf":{"@id":"https:\/\/domainesboticagaly.com\/#website"},"primaryImageOfPage":{"@id":"https:\/\/domainesboticagaly.com\/produit\/rouge-chateau-de-villemartinaoplimoux-2021\/#primaryimage"},"image":{"@id":"https:\/\/domainesboticagaly.com\/produit\/rouge-chateau-de-villemartinaoplimoux-2021\/#primaryimage"},"thumbnailUrl":"https:\/\/domainesboticagaly.com\/wp-content\/uploads\/2024\/06\/58_Domaine-BG-Wine_Villemartin_Avec-filigrane_04-05-06_11_23.jpg","datePublished":"2023-06-01T09:58:29+00:00","dateModified":"2024-06-06T11:06:14+00:00","breadcrumb":{"@id":"https:\/\/domainesboticagaly.com\/produit\/rouge-chateau-de-villemartinaoplimoux-2021\/#breadcrumb"},"inLanguage":"en-US","potentialAction":[{"@type":"ReadAction","target":["https:\/\/domainesboticagaly.com\/produit\/rouge-chateau-de-villemartinaoplimoux-2021\/"]}]},{"@type":"ImageObject","inLanguage":"en-US","@id":"https:\/\/domainesboticagaly.com\/produit\/rouge-chateau-de-villemartinaoplimoux-2021\/#primaryimage","url":"https:\/\/domainesboticagaly.com\/wp-content\/uploads\/2024\/06\/58_Domaine-BG-Wine_Villemartin_Avec-filigrane_04-05-06_11_23.jpg","contentUrl":"https:\/\/domainesboticagaly.com\/wp-content\/uploads\/2024\/06\/58_Domaine-BG-Wine_Villemartin_Avec-filigrane_04-05-06_11_23.jpg","width":1000,"height":1500},{"@type":"BreadcrumbList","@id":"https:\/\/domainesboticagaly.com\/produit\/rouge-chateau-de-villemartinaoplimoux-2021\/#breadcrumb","itemListElement":[{"@type":"ListItem","position":1,"name":"Accueil","item":"https:\/\/domainesboticagaly.com\/"},{"@type":"ListItem","position":2,"name":"Produits","item":"https:\/\/domainesboticagaly.com\/boutique__trashed\/"},{"@type":"ListItem","position":3,"name":"Rouge Ch\u00e2teau de Villemartin &#8211; AOP Limoux rouge &#8211; 2021"}]},{"@type":"WebSite","@id":"https:\/\/domainesboticagaly.com\/#website","url":"https:\/\/domainesboticagaly.com\/","name":"Domaines Botica Galy","description":"Vignobles d&#039;expression.","publisher":{"@id":"https:\/\/domainesboticagaly.com\/#organization"},"potentialAction":[{"@type":"SearchAction","target":{"@type":"EntryPoint","urlTemplate":"https:\/\/domainesboticagaly.com\/?s={search_term_string}"},"query-input":"required name=search_term_string"}],"inLanguage":"en-US"},{"@type":"Organization","@id":"https:\/\/domainesboticagaly.com\/#organization","name":"BG Wine","url":"https:\/\/domainesboticagaly.com\/","logo":{"@type":"ImageObject","inLanguage":"en-US","@id":"https:\/\/domainesboticagaly.com\/#\/schema\/logo\/image\/","url":"https:\/\/domainesboticagaly.com\/\/wp-content\/uploads\/2021\/06\/cropped-logo_transp-1.png","contentUrl":"https:\/\/domainesboticagaly.com\/\/wp-content\/uploads\/2021\/06\/cropped-logo_transp-1.png","width":4736,"height":4191,"caption":"BG Wine"},"image":{"@id":"https:\/\/domainesboticagaly.com\/#\/schema\/logo\/image\/"},"sameAs":["https:\/\/www.facebook.com\/vignoblesbgwine\/","https:\/\/www.instagram.com\/domainesbgwine\/","https:\/\/www.linkedin.com\/company\/76267543\/admin\/"]}]}},"_links":{"self":[{"href":"https:\/\/domainesboticagaly.com\/en\/wp-json\/wp\/v2\/product\/5399"}],"collection":[{"href":"https:\/\/domainesboticagaly.com\/en\/wp-json\/wp\/v2\/product"}],"about":[{"href":"https:\/\/domainesboticagaly.com\/en\/wp-json\/wp\/v2\/types\/product"}],"version-history":[{"count":10,"href":"https:\/\/domainesboticagaly.com\/en\/wp-json\/wp\/v2\/product\/5399\/revisions"}],"predecessor-version":[{"id":5988,"href":"https:\/\/domainesboticagaly.com\/en\/wp-json\/wp\/v2\/product\/5399\/revisions\/5988"}],"wp:featuredmedia":[{"embeddable":true,"href":"https:\/\/domainesboticagaly.com\/en\/wp-json\/wp\/v2\/media\/5871"}],"wp:attachment":[{"href":"https:\/\/domainesboticagaly.com\/en\/wp-json\/wp\/v2\/media?parent=5399"}],"wp:term":[{"taxonomy":"product_cat","embeddable":true,"href":"https:\/\/domainesboticagaly.com\/en\/wp-json\/wp\/v2\/product_cat?post=5399"},{"taxonomy":"product_tag","embeddable":true,"href":"https:\/\/domainesboticagaly.com\/en\/wp-json\/wp\/v2\/product_tag?post=5399"}],"curies":[{"name":"wp","href":"https:\/\/api.w.org\/{rel}","templated":true}]}}